{"id":184,"date":"2024-06-12T10:06:01","date_gmt":"2024-06-12T08:06:01","guid":{"rendered":"https:\/\/www.it-in-hamburg.de\/portal\/?page_id=184"},"modified":"2025-12-02T15:18:55","modified_gmt":"2025-12-02T14:18:55","slug":"impressum","status":"publish","type":"page","link":"https:\/\/www.it-in-hamburg.de\/portal\/impressum\/","title":{"rendered":"Impressum"},"content":{"rendered":"\t\t<div data-elementor-type=\"wp-page\" data-elementor-id=\"184\" class=\"elementor elementor-184\" data-elementor-post-type=\"page\">\n\t\t\t\t<div class=\"elementor-element elementor-element-ebe859e e-flex e-con-boxed e-con e-parent\" data-id=\"ebe859e\" data-element_type=\"container\" data-e-type=\"container\">\n\t\t\t\t\t<div class=\"e-con-inner\">\n\t\t\t\t<div class=\"elementor-element elementor-element-aba3df8 elementor-widget elementor-widget-heading\" data-id=\"aba3df8\" data-element_type=\"widget\" data-e-type=\"widget\" data-widget_type=\"heading.default\">\n\t\t\t\t\t<h2 class=\"elementor-heading-title elementor-size-default\">Impressum<\/h2>\t\t\t\t<\/div>\n\t\t\t\t\t<\/div>\n\t\t\t\t<\/div>\n\t\t<div class=\"elementor-element elementor-element-12e5040 e-flex e-con-boxed e-con e-parent\" data-id=\"12e5040\" data-element_type=\"container\" data-e-type=\"container\">\n\t\t\t\t\t<div class=\"e-con-inner\">\n\t\t\t\t<div class=\"elementor-element elementor-element-ff2545b elementor-widget elementor-widget-text-editor\" data-id=\"ff2545b\" data-element_type=\"widget\" data-e-type=\"widget\" data-widget_type=\"text-editor.default\">\n\t\t\t\t\t\t\t\t\t<h3><span style=\"color: #003366;\">Impressum:<\/span><\/h3><p class=\"p1\">Unser Impressum gilt f\u00fcr die Seite <a href=\"http:\/\/www.hcs-net.com\/\"><span class=\"s1\">www.hcs-net.com<\/span><\/a> sowie f\u00fcr die Hanse Computer Service-Seiten auf\u00a0Linkedin, <span class=\"s1\">Facebook<\/span>\u00a0und\u00a0<span class=\"s1\">Instagram<\/span><\/p><p class=\"p1\">Frank Hitzke<\/p><p class=\"p1\">Hanse Computer Service<\/p><p class=\"p1\">Schopenstehl 15<\/p><p class=\"p1\">20095 Hamburg<\/p><p class=\"p1\"><b>\u00a0<\/b><\/p><p><span style=\"font-size: 1.5em; font-weight: bold;\">Kontakt:<\/span><\/p><p>Telefon: 040 2880397 0<\/p><p>Telefax: 040 2880397 20<\/p><p>E-Mail: info@hcs-net.com<\/p><h3>\u00a0<\/h3><h3>Umsatzsteuer-ID:<\/h3><p>Umsatzsteuer-Identifikationsnummer gem\u00e4\u00df \u00a727 a Umsatzsteuergesetz: DE186419111<\/p><h3>\u00a0<\/h3><h3>Verantwortlich f\u00fcr den Inhalt nach \u00a7 55 Abs. 2 RStV:<\/h3><p>Frank Hitzke<\/p><h3>\u00a0<\/h3><h3>Haftungsausschluss:<\/h3><p><strong>Haftung f\u00fcr Inhalte<\/strong><\/p><p class=\"p1\"><span data-teams=\"true\">Die Inhalte unserer Seiten wurden mit gr\u00f6\u00dfter Sorgfalt erstellt. F\u00fcr die Richtigkeit, Vollst\u00e4ndigkeit und Aktualit\u00e4t der Inhalte \u00fcbernehmen wir jedoch keine Gew\u00e4hr. Als Diensteanbieter sind wir f\u00fcr eigene Inhalte auf diesen Seiten nach den allgemeinen Gesetzen verantwortlich. Wir sind jedoch nicht verpflichtet, \u00fcbermittelte oder gespeicherte fremde Informationen zu \u00fcberwachen oder nach Umst\u00e4nden zu forschen, die auf eine rechtswidrige T\u00e4tigkeit hinweisen. Verpflichtungen zur Entfernung oder Sperrung der Nutzung von Informationen nach den allgemeinen Gesetzen bleiben hiervon unber\u00fchrt. Eine diesbez\u00fcgliche Haftung ist jedoch erst ab dem Zeitpunkt der Kenntnis einer konkreten Rechtsverletzung m\u00f6glich. Bei Bekanntwerden entsprechender Rechtsverletzungen werden wir diese Inhalte umgehend entfernen.<\/span><\/p><p class=\"p1\"><b>Haftung f\u00fcr Links<\/b><\/p><p class=\"p1\">Unser Angebot enth\u00e4lt Links zu externen Webseiten Dritter, auf deren Inhalte wir keinen Einfluss haben. Deshalb k\u00f6nnen wir f\u00fcr diese fremden Inhalte auch keine Gew\u00e4hr \u00fcbernehmen. F\u00fcr die Inhalte der verlinkten Seiten ist stets der jeweilige Anbieter oder Betreiber der Seiten verantwortlich. Die verlinkten Seiten wurden zum Zeitpunkt der Verlinkung auf m\u00f6gliche Rechtsverst\u00f6\u00dfe \u00fcberpr\u00fcft. Rechtswidrige Inhalte waren zum Zeitpunkt der Verlinkung nicht erkennbar. Eine permanente inhaltliche Kontrolle der verlinkten Seiten ist jedoch ohne konkrete Anhaltspunkte einer Rechtsverletzung nicht zumutbar. Bei Bekanntwerden von Rechtsverletzungen werden wir derartige Links umgehend entfernen.<\/p><p class=\"p1\"><b>Urheberrecht<\/b><\/p><p class=\"p1\">Die durch die Seitenbetreiber erstellten Inhalte und Werke auf diesen Seiten unterliegen dem deutschen Urheberrecht. Die Vervielf\u00e4ltigung, Bearbeitung, Verbreitung und jede Art der Verwertung au\u00dferhalb der Grenzen des Urheberrechtes bed\u00fcrfen der schriftlichen Zustimmung des jeweiligen Autors bzw. Erstellers. Downloads und Kopien dieser Seite sind nur f\u00fcr den privaten, nicht kommerziellen Gebrauch gestattet. Soweit die Inhalte auf dieser Seite nicht vom Betreiber erstellt wurden, werden die Urheberrechte Dritter beachtet. Insbesondere werden Inhalte Dritter als solche gekennzeichnet. Sollten Sie trotzdem auf eine Urheberrechtsverletzung aufmerksam werden, bitten wir um einen entsprechenden Hinweis.<\/p><p class=\"p1\">Bei Bekanntwerden von Rechtsverletzungen werden wir derartige Inhalte umgehend entfernen.<\/p><p class=\"MuiTypography-root MuiTypography-subtitle2 css-1s4agrm\"><strong>Barrierefreiheitserkl\u00e4rung f\u00fcr www.hcs-net.com<\/strong><\/p><p class=\"MuiTypography-root MuiTypography-body2 css-tf137o\"><strong class=\"MuiTypography-root MuiTypography-subtitle2 css-1onzmb1\">HCS IT Services<\/strong>\u00a0setzt sich daf\u00fcr ein, die digitale Zug\u00e4nglichkeit f\u00fcr Menschen mit Behinderungen zu gew\u00e4hrleisten. Wir verbessern st\u00e4ndig die Benutzerfreundlichkeit f\u00fcr alle und wenden die einschl\u00e4gigen Barrierefreiheits-Standards an.<\/p><p class=\"MuiTypography-root MuiTypography-subtitle2 css-1onzmb1\"><strong>Status der Konformit\u00e4t<\/strong><\/p><p class=\"MuiTypography-root MuiTypography-body2 css-tf137o\">Die Web Content Accessibility Guidelines (WCAG) definieren Anforderungen an Designer und Entwickler, um die Zug\u00e4nglichkeit f\u00fcr Menschen mit Behinderungen zu verbessern. Sie definieren drei Stufen der Konformit\u00e4t: Stufe A, Stufe AA und Stufe AAA. <strong class=\"MuiTypography-root MuiTypography-subtitle2 css-1onzmb1\">HCS IT Services<\/strong> bem\u00fcht sich st\u00e4ndig um die Verbesserung der Zug\u00e4nglichkeit seiner Website und seiner Dienste in der \u00dcberzeugung, dass es unsere kollektive moralische Verpflichtung ist, eine nahtlose, zug\u00e4ngliche und ungehinderte Nutzung f\u00fcr Menschen mit Behinderungen zu erm\u00f6glichen. Wir sind bestrebt, alle Seiten und Inhalte auf\u00a0<strong class=\"MuiTypography-root MuiTypography-subtitle2 css-1onzmb1\">www.hcs-net.com<\/strong> zug\u00e4nglich zu machen, aber es kann sein, dass einige Inhalte noch nicht vollst\u00e4ndig den h\u00f6chsten Barrierefreiheit-Standards entsprechen. Dies k\u00f6nnte darauf zur\u00fcckzuf\u00fchren sein, dass es schwierig ist, die am besten geeignete technische L\u00f6sung zu finden. Wir k\u00f6nnen diese Erkl\u00e4rung von Zeit zu Zeit \u00fcberarbeiten, um Verbesserungen oder \u00c4nderungen an unseren Barrierefreiheitspraktiken zu ber\u00fccksichtigen.<\/p><p class=\"MuiTypography-root MuiTypography-subtitle2 css-1onzmb1\"><strong>Feedback<\/strong><\/p><p class=\"MuiTypography-root MuiTypography-body2 css-tf137o\">Wir freuen uns \u00fcber dein Feedback zur Barrierefreiheit der\u00a0<strong class=\"MuiTypography-root MuiTypography-subtitle2 css-1onzmb1\">HCS IT Services<\/strong>-Website. Bitte teile uns mit, wenn du auf unserer Website auf Zug\u00e4nglichkeitsbarrieren st\u00f6\u00dft:<\/p><p class=\"MuiTypography-root MuiTypography-body2 css-tf137o\">E-Mail:\u00a0<strong class=\"MuiTypography-root MuiTypography-subtitle2 css-1onzmb1\">info@hcs-net.com<\/strong><\/p><p class=\"MuiTypography-root MuiTypography-body2 css-tf137o\">Wir versuchen, innerhalb von 3-5 Werktagen auf R\u00fcckmeldungen zu reagieren. Diese Erkl\u00e4rung wurde am 2.12.2025 erstellt.<\/p>\t\t\t\t\t\t\t\t<\/div>\n\t\t\t\t\t<\/div>\n\t\t\t\t<\/div>\n\t\t\t\t<\/div>\n\t\t","protected":false},"excerpt":{"rendered":"<p>Impressum Impressum: Unser Impressum gilt f\u00fcr die Seite www.hcs-net.com sowie f\u00fcr die Hanse Computer Service-Seiten auf\u00a0Linkedin, Facebook\u00a0und\u00a0Instagram Frank Hitzke Hanse [&hellip;]<\/p>\n","protected":false},"author":1,"featured_media":0,"parent":0,"menu_order":0,"comment_status":"closed","ping_status":"closed","template":"","meta":{"site-sidebar-layout":"no-sidebar","site-content-layout":"","ast-site-content-layout":"full-width-container","site-content-style":"default","site-sidebar-style":"default","ast-global-header-display":"","ast-banner-title-visibility":"","ast-main-header-display":"","ast-hfb-above-header-display":"","ast-hfb-below-header-display":"","ast-hfb-mobile-header-display":"","site-post-title":"disabled","ast-breadcrumbs-content":"","ast-featured-img":"disabled","footer-sml-layout":"","theme-transparent-header-meta":"","adv-header-id-meta":"","stick-header-meta":"","header-above-stick-meta":"","header-main-stick-meta":"","header-below-stick-meta":"","astra-migrate-meta-layouts":"default","ast-page-background-enabled":"default","ast-page-background-meta":{"desktop":{"background-color":"var(--ast-global-color-4)","background-image":"","background-repeat":"repeat","background-position":"center center","background-size":"auto","background-attachment":"scroll","background-type":"","background-media":"","overlay-type":"","overlay-color":"","overlay-opacity":"","overlay-gradient":""},"tablet":{"background-color":"","background-image":"","background-repeat":"repeat","background-position":"center center","background-size":"auto","background-attachment":"scroll","background-type":"","background-media":"","overlay-type":"","overlay-color":"","overlay-opacity":"","overlay-gradient":""},"mobile":{"background-color":"","background-image":"","background-repeat":"repeat","background-position":"center center","background-size":"auto","background-attachment":"scroll","background-type":"","background-media":"","overlay-type":"","overlay-color":"","overlay-opacity":"","overlay-gradient":""}},"ast-content-background-meta":{"desktop":{"background-color":"var(--ast-global-color-5)","background-image":"","background-repeat":"repeat","background-position":"center center","background-size":"auto","background-attachment":"scroll","background-type":"","background-media":"","overlay-type":"","overlay-color":"","overlay-opacity":"","overlay-gradient":""},"tablet":{"background-color":"var(--ast-global-color-5)","background-image":"","background-repeat":"repeat","background-position":"center center","background-size":"auto","background-attachment":"scroll","background-type":"","background-media":"","overlay-type":"","overlay-color":"","overlay-opacity":"","overlay-gradient":""},"mobile":{"background-color":"var(--ast-global-color-5)","background-image":"","background-repeat":"repeat","background-position":"center center","background-size":"auto","background-attachment":"scroll","background-type":"","background-media":"","overlay-type":"","overlay-color":"","overlay-opacity":"","overlay-gradient":""}},"footnotes":""},"class_list":["post-184","page","type-page","status-publish","hentry"],"aioseo_notices":[],"_links":{"self":[{"href":"https:\/\/www.it-in-hamburg.de\/portal\/wp-json\/wp\/v2\/pages\/184","targetHints":{"allow":["GET"]}}],"collection":[{"href":"https:\/\/www.it-in-hamburg.de\/portal\/wp-json\/wp\/v2\/pages"}],"about":[{"href":"https:\/\/www.it-in-hamburg.de\/portal\/wp-json\/wp\/v2\/types\/page"}],"author":[{"embeddable":true,"href":"https:\/\/www.it-in-hamburg.de\/portal\/wp-json\/wp\/v2\/users\/1"}],"replies":[{"embeddable":true,"href":"https:\/\/www.it-in-hamburg.de\/portal\/wp-json\/wp\/v2\/comments?post=184"}],"version-history":[{"count":10,"href":"https:\/\/www.it-in-hamburg.de\/portal\/wp-json\/wp\/v2\/pages\/184\/revisions"}],"predecessor-version":[{"id":1813,"href":"https:\/\/www.it-in-hamburg.de\/portal\/wp-json\/wp\/v2\/pages\/184\/revisions\/1813"}],"wp:attachment":[{"href":"https:\/\/www.it-in-hamburg.de\/portal\/wp-json\/wp\/v2\/media?parent=184"}],"curies":[{"name":"wp","href":"https:\/\/api.w.org\/{rel}","templated":true}]}}